{"id":105,"date":"2023-04-06T10:52:26","date_gmt":"2023-04-06T10:52:26","guid":{"rendered":"http:\/\/spezieriaanticalucania.it\/?page_id=105"},"modified":"2023-04-06T10:52:30","modified_gmt":"2023-04-06T10:52:30","slug":"privacy-policy","status":"publish","type":"page","link":"https:\/\/spezieriaanticalucania.it\/en\/privacy-policy\/","title":{"rendered":"Privacy Policy"},"content":{"rendered":"<h2 class=\"wp-block-heading\"><strong>Privacy Policy<\/strong><\/h2>\n\n\n\n<p><strong>Informativa ai sensi del Regolamento Europeo 2016\/679 e del precedente articolo 13 del codice della D.Lgs. 196\/2003 (legge italiana)<\/strong><\/p>\n\n\n\n<p><strong>Ai sensi del Regolamento Europeo 2016\/679 e del precedente articolo 13 del codice della D.Lgs. 196\/2003 (legge italiana), si rappresenta quanto segue.<\/strong><\/p>\n\n\n\n<p><strong>spezierianticalucania.it<\/strong> ritiene che la privacy dei visitatori sia estremamente importante. Questo documento descrive dettagliatamente i tipi di informazioni personali raccolti e registrati dal nostro sito e come essi vengano utilizzati.<\/p>\n\n\n\n<p><strong>File di Registrazione (Log Files)<\/strong><\/p>\n\n\n\n<p>Come molti altri siti web, il nostro utilizza file di log. Questi file registrano semplicemente i visitatori del sito, procedura standard delle aziende di hosting e dei servizi di analisi degli hosting.<\/p>\n\n\n\n<p>Le informazioni contenute nei file di registro comprendono indirizzi di protocollo Internet (IP), il tipo di browser, Internet Service Provider (ISP), informazioni come data e ora, pagine referral, pagine d&#8217;uscita ed entrata o il numero di clic.<\/p>\n\n\n\n<p>Queste informazioni vengono utilizzate per analizzare le tendenze, amministrare il sito, monitorare il movimento degli utenti sul sito e raccogliere informazioni demografiche. Gli indirizzi IP e le altre informazioni non sono collegate a informazioni personali che possono essere identificate, dunque <strong>tutti i dati sono raccolti in forma assolutamente anonima<\/strong>.<\/p>\n\n\n\n<p><strong>Questo sito web utilizza i Cookies<\/strong><\/p>\n\n\n\n<p>I cookies sono piccoli file di testo che vengono automaticamente posizionati sul PC del navigatore all\u2019interno del browser. Essi contengono informazioni di base sulla navigazione in Internet e grazie al browser vengono riconosciuti ogni volta che l\u2019utente visita il sito.<\/p>\n\n\n\n<p><strong>Cookie Policy<\/strong><\/p>\n\n\n\n<p>Questo sito utilizza cookies, anche di terze parti, per migliorarne l\u2019esperienza di navigazione, consentire a chi naviga di usufruire di eventuali servizi online e monitorare la navigazione nel sito.<\/p>\n\n\n\n<p><strong>Come disabilitare i Cookies<\/strong><\/p>\n\n\n\n<p>E\u2019 possibile disabilitare i cookies direttamente dal browser utilizzato, accedendo alle impostazioni (preferenze oppure opzioni): questa scelta potrebbe limitare alcune funzionalit\u00e0 di navigazione del sito.<\/p>\n\n\n\n<p><strong>Gestione dei Cookies<\/strong><\/p>\n\n\n\n<p>I cookies utilizzati in questo sito possono rientrare nelle categorie descritte di seguito.<\/p>\n\n\n\n<ul class=\"wp-block-list\">\n<li><strong>Attivit\u00e0 strettamente necessarie al funzionamento<\/strong><br>Questi cookies hanno natura tecnica e permettono al sito di funzionare correttamente. Ad esempio, mantengono l\u2019utente collegato durante la navigazione evitando che il sito richieda di collegarsi pi\u00f9 volte per accedere alle pagine successive.<\/li>\n\n\n\n<li><strong>Attivit\u00e0 di salvataggio delle preferenze<\/strong><br>Questi cookie permettono di ricordare le preferenze selezionate dall\u2019utente durante la navigazione, ad esempio, consentono di impostare la lingua.<\/li>\n\n\n\n<li><strong>Attivit\u00e0 Statistiche e di Misurazione dell\u2019audience (es: Google Analytics)<\/strong><br>Questi cookie ci aiutano a capire, attraverso dati raccolti in forma anonima e aggregata, come gli utenti interagiscono con i siti internet fornendo informazioni relative alle sezioni visitate, il tempo trascorso sul sito, eventuali malfunzionamenti. Questo aiuta a migliorare la resa dei siti internet.<\/li>\n\n\n\n<li><strong>Cookie di social media (es: Facebook)<\/strong><br>Questi cookie di terza parte vengono utilizzati per integrare alcune diffuse funzionalit\u00e0 dei principali social media e fornirle all\u2019interno del sito. In particolare permettono la registrazione e l\u2019autenticazione sul sito tramite facebook e google connect, la condivisione e i commenti di pagine del sito sui social, abilitano, ad esepio le funzionalit\u00e0 del \u201cmi piace\u201d ed i commenti su Facebook ed altri social. <strong>Finalit\u00e0 del trattamento<\/strong><\/li>\n<\/ul>\n\n\n\n<p>I dati possono essere raccolti per una o pi\u00f9 delle seguenti finalit\u00e0:<\/p>\n\n\n\n<ul class=\"wp-block-list\">\n<li>fornire l&#8217;accesso ad aree riservate del Portale e di Portali\/siti collegati con il presente e all&#8217;invio di comunicazioni anche di carattere commerciale, notizie, aggiornamenti sulle iniziative di questo sito e delle societ\u00e0 da essa controllate e\/o collegate e\/o Sponsor.<\/li>\n\n\n\n<li>eventuale cessione a terzi dei suddetti dati, sempre finalizzata alla realizzazione di campagne di e-mail marketing ed all&#8217;invio di comunicazioni di carattere commerciale.<\/li>\n\n\n\n<li>eseguire gli obblighi previsti da leggi o regolamenti;<\/li>\n\n\n\n<li>gestione contatti; <strong>Modalit\u00e0 del trattamento<\/strong><\/li>\n<\/ul>\n\n\n\n<p>I dati verranno trattati con le seguenti modalit\u00e0:<\/p>\n\n\n\n<ul class=\"wp-block-list\">\n<li>raccolta dati con modalit\u00e0 single-opt, in apposito database;<\/li>\n\n\n\n<li>registrazione ed elaborazione su supporto cartaceo e\/o magnetico;<\/li>\n\n\n\n<li>organizzazione degli archivi in forma prevalentemente automatizzata, ai sensi del Disciplinare Tecnico in materia di misure minime di sicurezza, Allegato B del Codice della Privacy. <strong>Natura obbligatoria<\/strong><\/li>\n<\/ul>\n\n\n\n<p>Tutti i dati richiesti sono obbligatori.<\/p>\n\n\n\n<p><strong>Diritti dell&#8217;interessato<\/strong><\/p>\n\n\n\n<p>Ai sensi ai sensi dell&#8217;art. 7 (Diritto di accesso ai dati personali ed altri diritti) del Codice della Privacy, vi segnaliamo che i vostri diritti in ordine al trattamento dei dati sono:<\/p>\n\n\n\n<ul class=\"wp-block-list\">\n<li>conoscere, mediante accesso gratuito l&#8217;esistenza di trattamenti di dati che possano riguardarvi;<\/li>\n\n\n\n<li>essere informati sulla natura e sulle finalit\u00e0 del trattamento<\/li>\n\n\n\n<li>ottenere a cura del titolare, senza ritardo:\n<ul class=\"wp-block-list\">\n<li>la conferma dell&#8217;esistenza o meno di dati personali che vi riguardano, anche se non ancora registrati, e la comunicazione in forma intellegibile dei medesimi dati e della loro origine, nonch\u00e9 della logica e delle finalit\u00e0 su cui si basa il trattamento; la richiesta pu\u00f2 essere rinnovata, salva l&#8217;esistenza di giustificati motivi, con intervallo non minore di novanta giorni;<\/li>\n\n\n\n<li>la cancellazione, la trasformazione in forma anonima o il blocco dei dati trattati in violazione di legge, compresi quelli di cui non \u00e8 necessaria la conservazione in relazione agli scopi per i quali i dati sono stati raccolti o successivamente trattati;<\/li>\n\n\n\n<li>l&#8217;aggiornamento, la rettifica ovvero, qualora vi abbia interesse, l&#8217;integrazione dei dati esistenti;<\/li>\n\n\n\n<li>opporvi in tutto o in parte per motivi legittimi al trattamento dei dati personali che vi riguardano ancorch\u00e9 pertinenti allo scopo della raccolta;<\/li>\n<\/ul>\n<\/li>\n<\/ul>\n\n\n\n<p>Vi segnaliamo che il titolare del trattamento ad ogni effetto di legge \u00e8:<\/p>\n\n\n\n<ul class=\"wp-block-list\">\n<li>Carmine Martino<\/li>\n\n\n\n<li>Spezieria Antica Lucania \u00ae<\/li>\n\n\n\n<li>Azienda Agricola Martino Carmine<\/li>\n\n\n\n<li>Via San Teodoro 69<\/li>\n\n\n\n<li>84020 Corleto Monforte (SA)<\/li>\n\n\n\n<li>tel: +39 377 094 7921<\/li>\n\n\n\n<li>email: info@anticalucania.com<\/li>\n<\/ul>\n\n\n\n<p>Per esercitare i diritti previsti all&#8217;art. 7 del Codice della Privacy ovvero per la cancellazione dei vostri dati dall&#8217;archivio, \u00e8 sufficiente contattarci attraverso uno dei canali messi a disposizione.<\/p>\n\n\n\n<p>Tutti i dati sono protetti attraverso l&#8217;uso di antivirus, firewall e protezione attraverso password.<\/p>\n\n\n\n<p><strong>Informazioni per i bambini<\/strong><\/p>\n\n\n\n<p>Riteniamo importante assicurare una protezione aggiunta ai bambini online. Noi incoraggiamo i genitori e i tutori a trascorrere del tempo online con i loro figli per osservare, partecipare e\/o monitorare e guidare la loro attivit\u00e0 online. Noi non raccogliamo dati personali di minori. Se un genitore o un tutore crede che il nostro sito abbia nel suo database le informazioni personali di un bambino, vi preghiamo di contattarci immediatamente (utilizzando la mail fornita) e faremo di tutto per rimuovere tali informazioni il pi\u00f9 presto possibile.<\/p>\n\n\n\n<p>Questa politica sulla privacy si applica solo alle nostre attivit\u00e0 online ed \u00e8 valida per i visitatori del nostro sito web e per quanto riguarda le informazioni condivise e\/o raccolte. Questa politica non si applica a qualsiasi informazione raccolta in modalit\u00e0 offline o tramite canali diversi da questo sito web.<\/p>\n\n\n\n<p><strong>Consenso<\/strong><\/p>\n\n\n\n<p>Usando il nostro sito web, acconsenti alla nostra politica sulla privacy e accetti i suoi termini. Se desideri ulteriori informazioni o hai domande sulla nostra politica sulla privacy non esitare a contattarci.<br><br><br><\/p>","protected":false},"excerpt":{"rendered":"<p>Privacy Policy Informativa ai sensi del Regolamento Europeo 2016\/679 e del precedente articolo 13 del codice della D.Lgs. 196\/2003 (legge italiana) Ai sensi del Regolamento Europeo 2016\/679 e del precedente articolo 13 del codice della D.Lgs. 196\/2003 (legge italiana), si rappresenta quanto segue. spezierianticalucania.it ritiene che la privacy dei visitatori sia estremamente importante. Questo documento [&hellip;]<\/p>","protected":false},"author":1,"featured_media":0,"parent":0,"menu_order":0,"comment_status":"closed","ping_status":"closed","template":"","meta":{"_et_pb_use_builder":"off","_et_pb_old_content":"","_et_gb_content_width":"","inline_featured_image":false,"footnotes":""},"class_list":["post-105","page","type-page","status-publish","hentry"],"yoast_head":"<!-- This site is optimized with the Yoast SEO plugin v22.5 - https:\/\/yoast.com\/wordpress\/plugins\/seo\/ -->\n<title>Privacy Policy - Spezieria Antica Lucania<\/title>\n<meta name=\"robots\" content=\"noindex, nofollow\" \/>\n<meta property=\"og:locale\" content=\"en_GB\" \/>\n<meta property=\"og:type\" content=\"article\" \/>\n<meta property=\"og:title\" content=\"Privacy Policy - Spezieria Antica Lucania\" \/>\n<meta property=\"og:description\" content=\"Privacy Policy Informativa ai sensi del Regolamento Europeo 2016\/679 e del precedente articolo 13 del codice della D.Lgs. 196\/2003 (legge italiana) Ai sensi del Regolamento Europeo 2016\/679 e del precedente articolo 13 del codice della D.Lgs. 196\/2003 (legge italiana), si rappresenta quanto segue. spezierianticalucania.it ritiene che la privacy dei visitatori sia estremamente importante. Questo documento [&hellip;]\" \/>\n<meta property=\"og:url\" content=\"https:\/\/spezieriaanticalucania.it\/en\/privacy-policy\/\" \/>\n<meta property=\"og:site_name\" content=\"Spezieria Antica Lucania\" \/>\n<meta property=\"article:modified_time\" content=\"2023-04-06T10:52:30+00:00\" \/>\n<meta name=\"twitter:card\" content=\"summary_large_image\" \/>\n<meta name=\"twitter:label1\" content=\"Estimated reading time\" \/>\n\t<meta name=\"twitter:data1\" content=\"6 minutes\" \/>\n<script type=\"application\/ld+json\" class=\"yoast-schema-graph\">{\"@context\":\"https:\/\/schema.org\",\"@graph\":[{\"@type\":\"WebPage\",\"@id\":\"https:\/\/spezieriaanticalucania.it\/privacy-policy\/\",\"url\":\"https:\/\/spezieriaanticalucania.it\/privacy-policy\/\",\"name\":\"Privacy Policy - Spezieria Antica Lucania\",\"isPartOf\":{\"@id\":\"https:\/\/spezieriaanticalucania.it\/#website\"},\"datePublished\":\"2023-04-06T10:52:26+00:00\",\"dateModified\":\"2023-04-06T10:52:30+00:00\",\"breadcrumb\":{\"@id\":\"https:\/\/spezieriaanticalucania.it\/privacy-policy\/#breadcrumb\"},\"inLanguage\":\"en-GB\",\"potentialAction\":[{\"@type\":\"ReadAction\",\"target\":[\"https:\/\/spezieriaanticalucania.it\/privacy-policy\/\"]}]},{\"@type\":\"BreadcrumbList\",\"@id\":\"https:\/\/spezieriaanticalucania.it\/privacy-policy\/#breadcrumb\",\"itemListElement\":[{\"@type\":\"ListItem\",\"position\":1,\"name\":\"Home\",\"item\":\"https:\/\/spezieriaanticalucania.it\/\"},{\"@type\":\"ListItem\",\"position\":2,\"name\":\"Privacy Policy\"}]},{\"@type\":\"WebSite\",\"@id\":\"https:\/\/spezieriaanticalucania.it\/#website\",\"url\":\"https:\/\/spezieriaanticalucania.it\/\",\"name\":\"Spezieria Antica Lucania\",\"description\":\"Sapori e aromi dal cuore del parco nazionale del cilento vallo di diano e alburni\",\"publisher\":{\"@id\":\"https:\/\/spezieriaanticalucania.it\/#organization\"},\"alternateName\":\"Azienda Agricola Martino Carmine\",\"potentialAction\":[{\"@type\":\"SearchAction\",\"target\":{\"@type\":\"EntryPoint\",\"urlTemplate\":\"https:\/\/spezieriaanticalucania.it\/?s={search_term_string}\"},\"query-input\":\"required name=search_term_string\"}],\"inLanguage\":\"en-GB\"},{\"@type\":\"Organization\",\"@id\":\"https:\/\/spezieriaanticalucania.it\/#organization\",\"name\":\"Spezieria Antica Lucania\",\"alternateName\":\"Azienda Agricola Martino Carmine\",\"url\":\"https:\/\/spezieriaanticalucania.it\/\",\"logo\":{\"@type\":\"ImageObject\",\"inLanguage\":\"en-GB\",\"@id\":\"https:\/\/spezieriaanticalucania.it\/#\/schema\/logo\/image\/\",\"url\":\"https:\/\/spezieriaanticalucania.it\/wp-content\/uploads\/2024\/04\/favicon.svg\",\"contentUrl\":\"https:\/\/spezieriaanticalucania.it\/wp-content\/uploads\/2024\/04\/favicon.svg\",\"width\":\"1024\",\"height\":\"1024\",\"caption\":\"Spezieria Antica Lucania\"},\"image\":{\"@id\":\"https:\/\/spezieriaanticalucania.it\/#\/schema\/logo\/image\/\"},\"sameAs\":[\"https:\/\/www.instagram.com\/spezieria_antica_lucania\/\"]}]}<\/script>\n<!-- \/ Yoast SEO plugin. -->","yoast_head_json":{"title":"Privacy Policy - Spezieria Antica Lucania","robots":{"index":"noindex","follow":"nofollow"},"og_locale":"en_GB","og_type":"article","og_title":"Privacy Policy - Spezieria Antica Lucania","og_description":"Privacy Policy Informativa ai sensi del Regolamento Europeo 2016\/679 e del precedente articolo 13 del codice della D.Lgs. 196\/2003 (legge italiana) Ai sensi del Regolamento Europeo 2016\/679 e del precedente articolo 13 del codice della D.Lgs. 196\/2003 (legge italiana), si rappresenta quanto segue. spezierianticalucania.it ritiene che la privacy dei visitatori sia estremamente importante. Questo documento [&hellip;]","og_url":"https:\/\/spezieriaanticalucania.it\/en\/privacy-policy\/","og_site_name":"Spezieria Antica Lucania","article_modified_time":"2023-04-06T10:52:30+00:00","twitter_card":"summary_large_image","twitter_misc":{"Estimated reading time":"6 minutes"},"schema":{"@context":"https:\/\/schema.org","@graph":[{"@type":"WebPage","@id":"https:\/\/spezieriaanticalucania.it\/privacy-policy\/","url":"https:\/\/spezieriaanticalucania.it\/privacy-policy\/","name":"Privacy Policy - Spezieria Antica Lucania","isPartOf":{"@id":"https:\/\/spezieriaanticalucania.it\/#website"},"datePublished":"2023-04-06T10:52:26+00:00","dateModified":"2023-04-06T10:52:30+00:00","breadcrumb":{"@id":"https:\/\/spezieriaanticalucania.it\/privacy-policy\/#breadcrumb"},"inLanguage":"en-GB","potentialAction":[{"@type":"ReadAction","target":["https:\/\/spezieriaanticalucania.it\/privacy-policy\/"]}]},{"@type":"BreadcrumbList","@id":"https:\/\/spezieriaanticalucania.it\/privacy-policy\/#breadcrumb","itemListElement":[{"@type":"ListItem","position":1,"name":"Home","item":"https:\/\/spezieriaanticalucania.it\/"},{"@type":"ListItem","position":2,"name":"Privacy Policy"}]},{"@type":"WebSite","@id":"https:\/\/spezieriaanticalucania.it\/#website","url":"https:\/\/spezieriaanticalucania.it\/","name":"Spezieria Antica Lucania","description":"Sapori e aromi dal cuore del parco nazionale del cilento vallo di diano e alburni","publisher":{"@id":"https:\/\/spezieriaanticalucania.it\/#organization"},"alternateName":"Azienda Agricola Martino Carmine","potentialAction":[{"@type":"SearchAction","target":{"@type":"EntryPoint","urlTemplate":"https:\/\/spezieriaanticalucania.it\/?s={search_term_string}"},"query-input":"required name=search_term_string"}],"inLanguage":"en-GB"},{"@type":"Organization","@id":"https:\/\/spezieriaanticalucania.it\/#organization","name":"Spezieria Antica Lucania","alternateName":"Azienda Agricola Martino Carmine","url":"https:\/\/spezieriaanticalucania.it\/","logo":{"@type":"ImageObject","inLanguage":"en-GB","@id":"https:\/\/spezieriaanticalucania.it\/#\/schema\/logo\/image\/","url":"https:\/\/spezieriaanticalucania.it\/wp-content\/uploads\/2024\/04\/favicon.svg","contentUrl":"https:\/\/spezieriaanticalucania.it\/wp-content\/uploads\/2024\/04\/favicon.svg","width":"1024","height":"1024","caption":"Spezieria Antica Lucania"},"image":{"@id":"https:\/\/spezieriaanticalucania.it\/#\/schema\/logo\/image\/"},"sameAs":["https:\/\/www.instagram.com\/spezieria_antica_lucania\/"]}]}},"_links":{"self":[{"href":"https:\/\/spezieriaanticalucania.it\/en\/wp-json\/wp\/v2\/pages\/105","targetHints":{"allow":["GET"]}}],"collection":[{"href":"https:\/\/spezieriaanticalucania.it\/en\/wp-json\/wp\/v2\/pages"}],"about":[{"href":"https:\/\/spezieriaanticalucania.it\/en\/wp-json\/wp\/v2\/types\/page"}],"author":[{"embeddable":true,"href":"https:\/\/spezieriaanticalucania.it\/en\/wp-json\/wp\/v2\/users\/1"}],"replies":[{"embeddable":true,"href":"https:\/\/spezieriaanticalucania.it\/en\/wp-json\/wp\/v2\/comments?post=105"}],"version-history":[{"count":1,"href":"https:\/\/spezieriaanticalucania.it\/en\/wp-json\/wp\/v2\/pages\/105\/revisions"}],"predecessor-version":[{"id":106,"href":"https:\/\/spezieriaanticalucania.it\/en\/wp-json\/wp\/v2\/pages\/105\/revisions\/106"}],"wp:attachment":[{"href":"https:\/\/spezieriaanticalucania.it\/en\/wp-json\/wp\/v2\/media?parent=105"}],"curies":[{"name":"wp","href":"https:\/\/api.w.org\/{rel}","templated":true}]}}